{"id":790,"date":"2020-09-14T20:23:47","date_gmt":"2020-09-14T23:23:47","guid":{"rendered":"https:\/\/ens12-mis.infd.edu.ar\/sitio\/?page_id=790"},"modified":"2020-09-19T12:34:20","modified_gmt":"2020-09-19T15:34:20","slug":"examenes-profesorado-de-nivel-inicial","status":"publish","type":"page","link":"https:\/\/ens12-mis.infd.edu.ar\/sitio\/examenes-profesorado-de-nivel-inicial\/","title":{"rendered":"Ex\u00e1menes Profesorado de Educaci\u00f3n inicial"},"content":{"rendered":"<p><strong>Profesorado de Educaci\u00f3n Inicial<\/strong><\/p>\n<p>&nbsp;<\/p>\n<p><strong>1er A\u00f1o<\/strong><\/p>\n<ol>\n<li><a href=\"https:\/\/ens12-mis.infd.edu.ar\/sitio\/1eropedagogiapeiopezjose\/\" target=\"_blank\" rel=\"noopener\">Pedagog\u00eda<\/a><\/li>\n<li><a href=\"https:\/\/ens12-mis.infd.edu.ar\/sitio\/1rofilosofiabiale-2\/\" target=\"_blank\" rel=\"noopener\">Filosof\u00eda<\/a><\/li>\n<li><a href=\"https:\/\/ens12-mis.infd.edu.ar\/sitio\/planificacion-1-pei-taller-de-oralidad\/\" target=\"_blank\" rel=\"noopener\">Taller de Oralidad, Lectura y Escritura<\/a><\/li>\n<li><a href=\"https:\/\/ens12-mis.infd.edu.ar\/sitio\/documento\/\" target=\"_blank\" rel=\"noopener\">Did\u00e1ctica General<\/a><\/li>\n<li><a href=\"https:\/\/ens12-mis.infd.edu.ar\/sitio\/rubrica-programa-pei\/\" target=\"_blank\" rel=\"noopener\">Lenguaje pl\u00e1stico visual<\/a><\/li>\n<li><a href=\"https:\/\/ens12-mis.infd.edu.ar\/sitio\/rubrica-1-pei-ef\/\" target=\"_blank\" rel=\"noopener\">Educaci\u00f3n F\u00edsica<\/a><strong>\u00a0<\/strong><\/li>\n<li><a href=\"https:\/\/ens12-mis.infd.edu.ar\/sitio\/programa-problematica\/\" target=\"_blank\" rel=\"noopener\">Problem\u00e1tica Contempor\u00e1nea de la Educaci\u00f3n Inicial<\/a><\/li>\n<li><a href=\"https:\/\/ens12-mis.infd.edu.ar\/sitio\/planificacion-1pei-taller-de-literatura-infantil-2\/\" target=\"_blank\" rel=\"noopener\">Taller de Literatura Infantil<\/a><\/li>\n<li><a href=\"https:\/\/ens12-mis.infd.edu.ar\/sitio\/1eropracticaichoque-daneri\/\" target=\"_blank\" rel=\"noopener\">Pr\u00e1ctica I<strong>\u00a0<\/strong><\/a><\/li>\n<li><a href=\"https:\/\/ens12-mis.infd.edu.ar\/sitio\/rubrica-1-pei-lc\/\" target=\"_blank\" rel=\"noopener\">Lenguaje Corporal<strong>\u00a0 (2do Cuatrimestre)<\/strong><\/a><\/li>\n<li><a href=\"https:\/\/ens12-mis.infd.edu.ar\/sitio\/programa-musica-2019\/\" target=\"_blank\" rel=\"noopener\">Lenguaje Musical\u00a0\u00a0<strong>(2do Cuatrimestre)\u00a0<\/strong><\/a><\/li>\n<li><a href=\"https:\/\/ens12-mis.infd.edu.ar\/sitio\/1eroediizaragoza-2\/\" target=\"_blank\" rel=\"noopener\">E.D.I. <strong>(2do Cuatrimestre)<\/strong><\/a><\/li>\n<\/ol>\n<p>&nbsp;<\/p>\n<p><strong>2do a\u00f1o<\/strong><\/p>\n<ol>\n<li><a href=\"https:\/\/ens12-mis.infd.edu.ar\/sitio\/programa-psicologia-educacional\/\" target=\"_blank\" rel=\"noopener\">Psicolog\u00eda Educacional<strong>\u00a0<\/strong><\/a><\/li>\n<li><a href=\"https:\/\/ens12-mis.infd.edu.ar\/sitio\/hist-y-politica-educ-arg-y-l-martinez-y-acosta-2o-pei\/\" target=\"_blank\" rel=\"noopener\">Historia y Pol\u00edtica de la Educaci\u00f3n Argentina y Latinoamericana<\/a><strong>\u00a0<\/strong><\/li>\n<li><a href=\"https:\/\/ens12-mis.infd.edu.ar\/sitio\/programa-pei\/\" target=\"_blank\" rel=\"noopener\">TIC<\/a>\u00a0<a href=\"https:\/\/ens12-mis.infd.edu.ar\/sitio\/rubrica\/\" target=\"_blank\" rel=\"noopener\">Rubrica<\/a><\/li>\n<li><a href=\"https:\/\/ens12-mis.infd.edu.ar\/sitio\/2dodidacticadeeducacioninicialidaneri-choque\/\" target=\"_blank\" rel=\"noopener\">Did\u00e1ctica de la Educaci\u00f3n Inicial I<strong>\u00a0<\/strong><\/a><\/li>\n<li><a href=\"https:\/\/ens12-mis.infd.edu.ar\/sitio\/planificacion-2-pei-lengua-2\/\" target=\"_blank\" rel=\"noopener\">Lengua y Literatura y su Ense\u00f1anza<\/a><\/li>\n<li><a href=\"https:\/\/ens12-mis.infd.edu.ar\/sitio\/2do-matematica-y-su-ensenanza-i-perello\/\" target=\"_blank\" rel=\"noopener\">Matem\u00e1tica y su Ense\u00f1anza I<\/a><\/li>\n<li><a href=\"https:\/\/ens12-mis.infd.edu.ar\/sitio\/cs-naturales-y-su-ens-2o-ano-pei\/\" target=\"_blank\" rel=\"noopener\">Naturales y su Ense\u00f1anza I<\/a><\/li>\n<li><a href=\"https:\/\/ens12-mis.infd.edu.ar\/sitio\/programa-sujetos-2019\/\" target=\"_blank\" rel=\"noopener\">Sujeto de la Educaci\u00f3n Inicial<\/a><\/li>\n<li><a href=\"https:\/\/ens12-mis.infd.edu.ar\/sitio\/2dopracticaboschetti-choque\/\" target=\"_blank\" rel=\"noopener\">Pr\u00e1ctica II<\/a><strong>\u00a0<\/strong><\/li>\n<li><a href=\"https:\/\/ens12-mis.infd.edu.ar\/sitio\/rubrica-y-programa-educacion-para-la-inclusion-2do\/\" target=\"_blank\" rel=\"noopener\">Educaci\u00f3n para la Inclusi\u00f3n e Integraci\u00f3n <strong>(2do Cuatrimestre)<\/strong><\/a><\/li>\n<li><a href=\"https:\/\/ens12-mis.infd.edu.ar\/sitio\/wp-content\/uploads\/2020\/09\/Grilla-y-programa-de-didactica-de-las-Cs-sociales-II.pdf\" target=\"_blank\" rel=\"noopener\">Sociales y su Ense\u00f1anza I \u00a0<strong>(2do Cuatrimestre)<\/strong><\/a><strong>\u00a0 \u00a0 \u00a0 \u00a0<\/strong><\/li>\n<li><a href=\"https:\/\/ens12-mis.infd.edu.ar\/sitio\/rubrica-2-pei-edi-recreacion\/\" target=\"_blank\" rel=\"noopener\">EDI \u00a0<strong>(2do Cuatrimestre)<\/strong><\/a><\/li>\n<\/ol>\n<p>&nbsp;<\/p>\n<p><strong>3er a\u00f1o<\/strong><\/p>\n<ol>\n<li><a href=\"https:\/\/ens12-mis.infd.edu.ar\/sitio\/sociologia-de-la-educacion-3o-ano-martinez-l-pei\/\" target=\"_blank\" rel=\"noopener\">Sociolog\u00eda de la Educaci\u00f3n<\/a><\/li>\n<li><a href=\"https:\/\/ens12-mis.infd.edu.ar\/sitio\/3ro-alfabetizacion-inicial-de-assis-cordeiro-andrea-planificacion\/\" target=\"_blank\" rel=\"noopener\">Alfabetizaci\u00f3n Inicial.<\/a>\u00a0<a href=\"https:\/\/ens12-mis.infd.edu.ar\/sitio\/3ro-alfabetizacion-inicial-de-assis-cordeiro-andrea-rubrica-2\/\" target=\"_blank\" rel=\"noopener\">R\u00fabrica<\/a><\/li>\n<li><a href=\"https:\/\/ens12-mis.infd.edu.ar\/sitio\/matematica-y-su-ensenanza-ii-pei\/\" target=\"_blank\" rel=\"noopener\">Matem\u00e1tica y su Ense\u00f1anza II<\/a><\/li>\n<li><a href=\"https:\/\/ens12-mis.infd.edu.ar\/sitio\/ciencias-sociales-tercero-inicial\/\" target=\"_blank\" rel=\"noopener\">Sociales y su Ense\u00f1anza II<strong>\u00a0<\/strong><\/a><\/li>\n<li><a href=\"https:\/\/ens12-mis.infd.edu.ar\/sitio\/cs-naturales-y-su-ens-3o-ano-pei\/\" target=\"_blank\" rel=\"noopener\">Naturales y su Ense\u00f1anza II<\/a><\/li>\n<li><a href=\"https:\/\/ens12-mis.infd.edu.ar\/sitio\/rubrica-3-pei-aee\/\" target=\"_blank\" rel=\"noopener\">\u00c1rea Est\u00e9tico Expresiva: sus Lenguajes y su Ense\u00f1anza<\/a><\/li>\n<li><a href=\"https:\/\/ens12-mis.infd.edu.ar\/sitio\/3erodidacticanivelinicialiichoquerojo\/\" target=\"_blank\" rel=\"noopener\">Did\u00e1ctica de la Educaci\u00f3n Inicial II<\/a><\/li>\n<li>Pr\u00e1ctica de la Ense\u00f1anza<\/li>\n<li><a href=\"https:\/\/ens12-mis.infd.edu.ar\/sitio\/3eroediiiizaragoza-2\/\" target=\"_blank\" rel=\"noopener\">E.D.I.<\/a><\/li>\n<li><a href=\"https:\/\/ens12-mis.infd.edu.ar\/sitio\/esi-3o-martinez-l-pei\/\" target=\"_blank\" rel=\"noopener\"><strong>ESI <\/strong><strong>\u00a0<\/strong><strong>(2do Cuatrimestre)<\/strong><\/a><\/li>\n<\/ol>\n<p>&nbsp;<\/p>\n<p><strong>4to a\u00f1o <\/strong><\/p>\n<ol>\n<li><a href=\"https:\/\/ens12-mis.infd.edu.ar\/sitio\/formacion-etica-y-c-4o-martinez-pei\/\" target=\"_blank\" rel=\"noopener\">Formaci\u00f3n \u00c9tica y Construcci\u00f3n de Ciudadan\u00eda<\/a><\/li>\n<li>Sistematizaci\u00f3n de Experiencias<\/li>\n<li>\u00c1rea Est\u00e9tico Expresiva: sus Lenguajes y su relaci\u00f3n con la Pr\u00e1ctica<\/li>\n<li>Ateneo de Lengua<\/li>\n<li>Ateneo de Matem\u00e1tica<\/li>\n<li>Ateneo de Cs. Sociales<\/li>\n<li>Ateneo de Cs. Naturales<\/li>\n<li>Residencia Pedag\u00f3gica<\/li>\n<li><a href=\"https:\/\/ens12-mis.infd.edu.ar\/sitio\/edi-4o-choque-pei\/\" target=\"_blank\" rel=\"noopener\">ED.I<\/a>.<\/li>\n<\/ol>\n","protected":false},"excerpt":{"rendered":"<p>Profesorado de Educaci\u00f3n Inicial &nbsp; 1er A\u00f1o Pedagog\u00eda Filosof\u00eda Taller de Oralidad, Lectura y Escritura Did\u00e1ctica General Lenguaje pl\u00e1stico visual Educaci\u00f3n F\u00edsica\u00a0 Problem\u00e1tica Contempor\u00e1nea de la Educaci\u00f3n Inicial Taller de Literatura Infantil Pr\u00e1ctica I\u00a0 Lenguaje Corporal\u00a0 (2do Cuatrimestre) Lenguaje Musical\u00a0\u00a0(2do Cuatrimestre)\u00a0 E.D.I. (2do Cuatrimestre) &nbsp; 2do a\u00f1o Psicolog\u00eda Educacional\u00a0 Historia y Pol\u00edtica de la Educaci\u00f3n &#8230; <a title=\"Ex\u00e1menes Profesorado de Educaci\u00f3n inicial\" class=\"read-more\" href=\"https:\/\/ens12-mis.infd.edu.ar\/sitio\/examenes-profesorado-de-nivel-inicial\/\" aria-label=\"More on Ex\u00e1menes Profesorado de Educaci\u00f3n inicial\">[+]<\/a><\/p>\n","protected":false},"author":9,"featured_media":0,"parent":0,"menu_order":0,"comment_status":"closed","ping_status":"closed","template":"","meta":[],"acf":[],"_links":{"self":[{"href":"https:\/\/ens12-mis.infd.edu.ar\/sitio\/wp-json\/wp\/v2\/pages\/790"}],"collection":[{"href":"https:\/\/ens12-mis.infd.edu.ar\/sitio\/wp-json\/wp\/v2\/pages"}],"about":[{"href":"https:\/\/ens12-mis.infd.edu.ar\/sitio\/wp-json\/wp\/v2\/types\/page"}],"author":[{"embeddable":true,"href":"https:\/\/ens12-mis.infd.edu.ar\/sitio\/wp-json\/wp\/v2\/users\/9"}],"replies":[{"embeddable":true,"href":"https:\/\/ens12-mis.infd.edu.ar\/sitio\/wp-json\/wp\/v2\/comments?post=790"}],"version-history":[{"count":48,"href":"https:\/\/ens12-mis.infd.edu.ar\/sitio\/wp-json\/wp\/v2\/pages\/790\/revisions"}],"predecessor-version":[{"id":956,"href":"https:\/\/ens12-mis.infd.edu.ar\/sitio\/wp-json\/wp\/v2\/pages\/790\/revisions\/956"}],"wp:attachment":[{"href":"https:\/\/ens12-mis.infd.edu.ar\/sitio\/wp-json\/wp\/v2\/media?parent=790"}],"curies":[{"name":"wp","href":"https:\/\/api.w.org\/{rel}","templated":true}]}}