{"id":787,"date":"2020-09-14T20:16:54","date_gmt":"2020-09-14T23:16:54","guid":{"rendered":"https:\/\/ens12-mis.infd.edu.ar\/sitio\/?page_id=787"},"modified":"2020-09-18T10:34:34","modified_gmt":"2020-09-18T13:34:34","slug":"examenes-profesorado-de-educacion-primaria","status":"publish","type":"page","link":"https:\/\/ens12-mis.infd.edu.ar\/sitio\/examenes-profesorado-de-educacion-primaria\/","title":{"rendered":"Ex\u00e1menes Profesorado de educaci\u00f3n primaria"},"content":{"rendered":"<p><strong>Profesorado de Educaci\u00f3n Primaria<\/strong><\/p>\n<p>&nbsp;<\/p>\n<p><strong>1er a\u00f1o<\/strong><\/p>\n<p>&nbsp;<\/p>\n<ol>\n<li><a href=\"https:\/\/ens12-mis.infd.edu.ar\/sitio\/1eropedagogiapeiopezjose-2\/\" target=\"_blank\" rel=\"noopener\">Pedagog\u00eda<\/a><\/li>\n<li><a href=\"https:\/\/ens12-mis.infd.edu.ar\/sitio\/pep-no-12-programa2020\/\" target=\"_blank\" rel=\"noopener\">Filosof\u00eda<\/a> <a href=\"https:\/\/ens12-mis.infd.edu.ar\/sitio\/normal12nivelsuperioropcionesrubricas1mesasdeexamenes\/\" target=\"_blank\" rel=\"noopener\">R\u00fabrica<\/a><\/li>\n<li><a href=\"https:\/\/ens12-mis.infd.edu.ar\/sitio\/1eropsicologiaeducacionalopezjose\/\" target=\"_blank\" rel=\"noopener\">Psicolog\u00eda Educacional<\/a><\/li>\n<li><a href=\"https:\/\/ens12-mis.infd.edu.ar\/sitio\/programa-de-historia-de-la-educacion-argentina-y-latinoamericana\/\" target=\"_blank\" rel=\"noopener\">Historia y Pol\u00edtica de la Educaci\u00f3n Argentina y Latinoamericana<\/a><\/li>\n<li><a href=\"https:\/\/ens12-mis.infd.edu.ar\/sitio\/planificacion-1-pep-lengua\/\" target=\"_blank\" rel=\"noopener\">Lengua y Literatura<\/a>\u00a0<a href=\"https:\/\/ens12-mis.infd.edu.ar\/sitio\/rubrica-sosa-monica\/\" target=\"_blank\" rel=\"noopener\">R\u00fabrica<\/a><\/li>\n<li><a href=\"https:\/\/ens12-mis.infd.edu.ar\/sitio\/1ro-matematica-perello-amelia-c\/\" target=\"_blank\" rel=\"noopener\">Matem\u00e1tica<\/a><strong>\u00a0<\/strong><\/li>\n<li><a href=\"https:\/\/ens12-mis.infd.edu.ar\/sitio\/progrma-ciencias-sociales-primero\/\" target=\"_blank\" rel=\"noopener\">Sociales<\/a> <a href=\"https:\/\/ens12-mis.infd.edu.ar\/sitio\/rubrica-1\/\" target=\"_blank\" rel=\"noopener\">R\u00fabrica<\/a><\/li>\n<li><a href=\"https:\/\/ens12-mis.infd.edu.ar\/sitio\/pep-mesas\/\" target=\"_blank\" rel=\"noopener\">Naturales<\/a><\/li>\n<li><a href=\"https:\/\/ens12-mis.infd.edu.ar\/sitio\/1ropracticaibiale\/\" target=\"_blank\" rel=\"noopener\">Pr\u00e1ctica I. Culturas y contextos institucionales<\/a><\/li>\n<li><a href=\"https:\/\/ens12-mis.infd.edu.ar\/sitio\/wp-content\/uploads\/2020\/09\/1eroEDIIZaragoza.pdf\">EDI<\/a><\/li>\n<\/ol>\n<p>&nbsp;<\/p>\n<p><strong>2do a\u00f1o<\/strong><\/p>\n<p>&nbsp;<\/p>\n<ol>\n<li><a href=\"https:\/\/ens12-mis.infd.edu.ar\/sitio\/2dodidacticagralbiale\/\" target=\"_blank\" rel=\"noopener\">Did\u00e1ctica General<\/a><strong>\u00a0<\/strong><\/li>\n<li><a href=\"https:\/\/ens12-mis.infd.edu.ar\/sitio\/programa-tic\/\" target=\"_blank\" rel=\"noopener\">TIC<\/a><\/li>\n<li><a href=\"https:\/\/ens12-mis.infd.edu.ar\/sitio\/planificacion-2-pep-lengua\/\" target=\"_blank\" rel=\"noopener\">Lengua y Literatura y su Ense\u00f1anza I<\/a>\u00a0<a href=\"https:\/\/ens12-mis.infd.edu.ar\/sitio\/rubrica-sosa-monica\/\" target=\"_blank\" rel=\"noopener\">R\u00fabrica<\/a><\/li>\n<li><a href=\"https:\/\/ens12-mis.infd.edu.ar\/sitio\/2do-pep-matematica-y-su-ensenanza-i-perello\/\" target=\"_blank\" rel=\"noopener\">Matem\u00e1tica y su Ense\u00f1anza I<\/a><\/li>\n<li><a href=\"https:\/\/ens12-mis.infd.edu.ar\/sitio\/programa-segundo-2020\/\" target=\"_blank\" rel=\"noopener\">Sociales y su Ense\u00f1anza I<\/a><\/li>\n<li><a href=\"https:\/\/ens12-mis.infd.edu.ar\/sitio\/pep-mesas\/\" target=\"_blank\" rel=\"noopener\">Naturales y su Ense\u00f1anza I<\/a><\/li>\n<li>Alfabetizaci\u00f3n Inicial<\/li>\n<li><a href=\"https:\/\/ens12-mis.infd.edu.ar\/sitio\/rubrica-2-pep-ef\/\" target=\"_blank\" rel=\"noopener\">Educaci\u00f3n F\u00edsica<\/a><\/li>\n<li><a href=\"https:\/\/ens12-mis.infd.edu.ar\/sitio\/2dosujetodelnivelprimariobiale\/\" target=\"_blank\" rel=\"noopener\">Sujeto del Nivel Primario General<\/a><strong>\u00a0<\/strong><\/li>\n<li><a href=\"https:\/\/ens12-mis.infd.edu.ar\/sitio\/2dopracticaiibiale\/\" target=\"_blank\" rel=\"noopener\">Pr\u00e1ctica II. Escenarios de la Pr\u00e1ctica Docente<\/a><\/li>\n<li><a href=\"https:\/\/ens12-mis.infd.edu.ar\/sitio\/rubrica-2-pep-edi\/\" target=\"_blank\" rel=\"noopener\"><strong>E.D.I. (2do Cuatrimestre) <\/strong><\/a><\/li>\n<\/ol>\n<p>&nbsp;<\/p>\n<p><strong>3er a\u00f1o<\/strong><\/p>\n<p>&nbsp;<\/p>\n<ol>\n<li><a href=\"https:\/\/ens12-mis.infd.edu.ar\/sitio\/3erosociologialopezjose\/\" target=\"_blank\" rel=\"noopener\">Sociolog\u00eda de la Educaci\u00f3n<\/a><\/li>\n<li><a href=\"https:\/\/ens12-mis.infd.edu.ar\/sitio\/pep-mesas-esi\/\" target=\"_blank\" rel=\"noopener\">E.S.I<\/a>.<\/li>\n<li><a href=\"https:\/\/ens12-mis.infd.edu.ar\/sitio\/planificacion-3-pep-lengua\/\" target=\"_blank\" rel=\"noopener\">Lengua y Literatura y su Ense\u00f1anza II<\/a>\u00a0<a href=\"https:\/\/ens12-mis.infd.edu.ar\/sitio\/rubrica-sosa-monica\/\" target=\"_blank\" rel=\"noopener\">R\u00fabrica<\/a><\/li>\n<li><a href=\"https:\/\/ens12-mis.infd.edu.ar\/sitio\/3ro-pep-matematica-y-su-ensenanza-ii-perello\/\" target=\"_blank\" rel=\"noopener\">Matem\u00e1tica y su Ense\u00f1anza II<\/a><\/li>\n<li><a href=\"https:\/\/ens12-mis.infd.edu.ar\/sitio\/documento-sin-titulo\/\" target=\"_blank\" rel=\"noopener\">Sociales y su Ense\u00f1anza II<\/a> <a href=\"https:\/\/ens12-mis.infd.edu.ar\/sitio\/rubrica-3\/\" target=\"_blank\" rel=\"noopener\">R\u00fabrica<\/a><\/li>\n<li>Naturales y su Ense\u00f1anza II<\/li>\n<li>Pr\u00e1ctica de la Ense\u00f1anza<\/li>\n<li><a href=\"https:\/\/ens12-mis.infd.edu.ar\/sitio\/3eroediiiizaragoza\/\" target=\"_blank\" rel=\"noopener\">EDI<\/a><\/li>\n<li><a href=\"https:\/\/ens12-mis.infd.edu.ar\/sitio\/rubrica-programa-pep\/\" target=\"_blank\" rel=\"noopener\">Opcional 1: Lenguajes Art\u00edsticos Expresivos<\/a><strong>\u00a0<\/strong><\/li>\n<li>Opcional 2: Estrategias Did\u00e1cticas y TIC <strong>(2do Cuatrimestre)<\/strong><\/li>\n<li>Taller de Legislaci\u00f3n Laboral Docente <strong>\u00a0(2do Cuatrimestre)<\/strong><\/li>\n<\/ol>\n<p>&nbsp;<\/p>\n<p><strong>4to a\u00f1o <\/strong><\/p>\n<p><strong>\u00a0<\/strong><\/p>\n<ol>\n<li><a href=\"https:\/\/ens12-mis.infd.edu.ar\/sitio\/4to-formacion-etica-y-c-c-p-e-p-cabral-j-convertido\/\" target=\"_blank\" rel=\"noopener\">Formaci\u00f3n \u00c9tica y Construcci\u00f3n de Ciudadan\u00eda<\/a><\/li>\n<li>Sistematizaci\u00f3n de Experiencias<\/li>\n<li><a href=\"https:\/\/ens12-mis.infd.edu.ar\/sitio\/planificacion-4-pep-ateneo\/\" target=\"_blank\" rel=\"noopener\">Ateneo de Lengua y Literatura<\/a>\u00a0R\u00fabrica<\/li>\n<li>Ateneo de Matem\u00e1tica<\/li>\n<li>Ateneo de Cs. Sociales<\/li>\n<li>Ateneo de Cs. Naturales<\/li>\n<li>Residencia Pedag\u00f3gica<strong>\u00a0<\/strong><\/li>\n<li><a href=\"https:\/\/ens12-mis.infd.edu.ar\/sitio\/4toediivzaragoza\/\" target=\"_blank\" rel=\"noopener\">EDI<\/a><strong>\u00a0<\/strong><\/li>\n<\/ol>\n<p>&nbsp;<\/p>\n","protected":false},"excerpt":{"rendered":"<p>Profesorado de Educaci\u00f3n Primaria &nbsp; 1er a\u00f1o &nbsp; Pedagog\u00eda Filosof\u00eda R\u00fabrica Psicolog\u00eda Educacional Historia y Pol\u00edtica de la Educaci\u00f3n Argentina y Latinoamericana Lengua y Literatura\u00a0R\u00fabrica Matem\u00e1tica\u00a0 Sociales R\u00fabrica Naturales Pr\u00e1ctica I. Culturas y contextos institucionales EDI &nbsp; 2do a\u00f1o &nbsp; Did\u00e1ctica General\u00a0 TIC Lengua y Literatura y su Ense\u00f1anza I\u00a0R\u00fabrica Matem\u00e1tica y su Ense\u00f1anza I &#8230; <a title=\"Ex\u00e1menes Profesorado de educaci\u00f3n primaria\" class=\"read-more\" href=\"https:\/\/ens12-mis.infd.edu.ar\/sitio\/examenes-profesorado-de-educacion-primaria\/\" aria-label=\"More on Ex\u00e1menes Profesorado de educaci\u00f3n primaria\">[+]<\/a><\/p>\n","protected":false},"author":9,"featured_media":0,"parent":0,"menu_order":0,"comment_status":"closed","ping_status":"closed","template":"","meta":[],"acf":[],"_links":{"self":[{"href":"https:\/\/ens12-mis.infd.edu.ar\/sitio\/wp-json\/wp\/v2\/pages\/787"}],"collection":[{"href":"https:\/\/ens12-mis.infd.edu.ar\/sitio\/wp-json\/wp\/v2\/pages"}],"about":[{"href":"https:\/\/ens12-mis.infd.edu.ar\/sitio\/wp-json\/wp\/v2\/types\/page"}],"author":[{"embeddable":true,"href":"https:\/\/ens12-mis.infd.edu.ar\/sitio\/wp-json\/wp\/v2\/users\/9"}],"replies":[{"embeddable":true,"href":"https:\/\/ens12-mis.infd.edu.ar\/sitio\/wp-json\/wp\/v2\/comments?post=787"}],"version-history":[{"count":35,"href":"https:\/\/ens12-mis.infd.edu.ar\/sitio\/wp-json\/wp\/v2\/pages\/787\/revisions"}],"predecessor-version":[{"id":938,"href":"https:\/\/ens12-mis.infd.edu.ar\/sitio\/wp-json\/wp\/v2\/pages\/787\/revisions\/938"}],"wp:attachment":[{"href":"https:\/\/ens12-mis.infd.edu.ar\/sitio\/wp-json\/wp\/v2\/media?parent=787"}],"curies":[{"name":"wp","href":"https:\/\/api.w.org\/{rel}","templated":true}]}}